{"id":28,"date":"2024-11-06T13:17:30","date_gmt":"2024-11-06T13:17:30","guid":{"rendered":"https:\/\/primellonk.com.br\/?page_id=28"},"modified":"2025-08-29T13:22:49","modified_gmt":"2025-08-29T16:22:49","slug":"prime-llonk","status":"publish","type":"page","link":"https:\/\/primellonk.com.br\/en\/","title":{"rendered":"Prime &#038; Llonk"},"content":{"rendered":"<div data-elementor-type=\"wp-page\" data-elementor-id=\"28\" class=\"elementor elementor-28\" data-elementor-post-type=\"page\">\n\t\t\t\t<div class=\"elementor-element elementor-element-68d6d20 e-flex e-con-boxed e-con e-parent\" data-id=\"68d6d20\" data-element_type=\"container\" data-settings=\"{&quot;background_background&quot;:&quot;video&quot;,&quot;background_video_link&quot;:&quot;https:\\\/\\\/primellonk.com.br\\\/wp-content\\\/uploads\\\/2024\\\/11\\\/7593784-hd_1920_1080_25fps.mp4&quot;,&quot;background_video_start&quot;:0}\">\n\t\t\t\t\t<div class=\"e-con-inner\">\n\t\t<div class=\"elementor-background-video-container elementor-hidden-mobile\">\n\t\t\t\t\t\t\t<video class=\"elementor-background-video-hosted\" autoplay muted playsinline loop><\/video>\n\t\t\t\t\t<\/div><div class=\"elementor-element elementor-element-97d2ebb e-con-full e-flex e-con e-child\" data-id=\"97d2ebb\" data-element_type=\"container\">\n\t\t\t\t<div class=\"elementor-element elementor-element-553d558 elementor-widget elementor-widget-heading\" data-id=\"553d558\" data-element_type=\"widget\" data-widget_type=\"heading.default\">\n\t\t\t\t<div class=\"elementor-widget-container\">\n\t\t\t\t\t<h2 class=\"elementor-heading-title elementor-size-default\">EXCELLENCE IN BUSINESS PROCESS OUTSOURCING AND CONSULTING<\/h2>\t\t\t\t<\/div>\n\t\t\t\t<\/div>\n\t\t\t\t<\/div>\n\t\t\t\t\t<\/div>\n\t\t\t\t<\/div>\n\t\t<div class=\"elementor-element elementor-element-4f1bc18 e-flex e-con-boxed e-con e-parent\" data-id=\"4f1bc18\" data-element_type=\"container\">\n\t\t\t\t\t<div class=\"e-con-inner\">\n\t\t<div class=\"elementor-element elementor-element-2fd5cd5 e-con-full e-flex e-con e-child\" data-id=\"2fd5cd5\" data-element_type=\"container\">\n\t\t\t\t<div class=\"elementor-element elementor-element-d1fc37f elementor-widget elementor-widget-image\" data-id=\"d1fc37f\" data-element_type=\"widget\" data-widget_type=\"image.default\">\n\t\t\t\t<div class=\"elementor-widget-container\">\n\t\t\t\t\t\t\t\t\t\t\t\t\t\t\t<img decoding=\"async\" src=\"https:\/\/primellonk.com.br\/wp-content\/uploads\/elementor\/thumbs\/14268-qwo1cfebe73vm4zn6qujgekcu4yeiyxvrx7cifid4s.jpg\" title=\"Prime &#038; Llonk &#8211; Solu\u00e7\u00f5es em Contabilidade\" alt=\"Prime &amp; Llonk - Solu\u00e7\u00f5es em Contabilidade\" loading=\"lazy\" \/>\t\t\t\t\t\t\t\t\t\t\t\t\t\t\t<\/div>\n\t\t\t\t<\/div>\n\t\t\t\t<\/div>\n\t\t<div class=\"elementor-element elementor-element-36a4e0a e-con-full e-flex e-con e-child\" data-id=\"36a4e0a\" data-element_type=\"container\">\n\t\t\t\t<div class=\"elementor-element elementor-element-8f89122 elementor-widget elementor-widget-heading\" data-id=\"8f89122\" data-element_type=\"widget\" data-widget_type=\"heading.default\">\n\t\t\t\t<div class=\"elementor-widget-container\">\n\t\t\t\t\t<h2 class=\"elementor-heading-title elementor-size-default\">We are Prime &amp; Llonk Accounting<\/h2>\t\t\t\t<\/div>\n\t\t\t\t<\/div>\n\t\t\t\t<div class=\"elementor-element elementor-element-85e7324 elementor-widget elementor-widget-text-editor\" data-id=\"85e7324\" data-element_type=\"widget\" data-widget_type=\"text-editor.default\">\n\t\t\t\t<div class=\"elementor-widget-container\">\n\t\t\t\t\t\t\t\t\t<p>Prime &amp; Llonk\u2019s history starts in 2007 from the fusion of Prime Consulting and Llonk Accounting, bringing together, professionals with more than 30 years of experience in national and multinational companies.<\/p><p>We have the expertise to attend to the requirements of the global marketplace, and our aim is to help our clients with the most complex business challenges.<\/p><p>We have highly qualified specialists to perform with excellence, and quality and deliver intelligent solutions. We combine technology, products and people and offer personalised services according to the needs of each business, always complying with current legal regulations.<\/p>\t\t\t\t\t\t\t\t<\/div>\n\t\t\t\t<\/div>\n\t\t\t\t<div class=\"elementor-element elementor-element-e2c054f elementor-mobile-align-center elementor-widget elementor-widget-button\" data-id=\"e2c054f\" data-element_type=\"widget\" data-widget_type=\"button.default\">\n\t\t\t\t<div class=\"elementor-widget-container\">\n\t\t\t\t\t\t\t\t\t<div class=\"elementor-button-wrapper\">\n\t\t\t\t\t<a class=\"elementor-button elementor-button-link elementor-size-sm\" href=\"https:\/\/primellonk.com.br\/en\/quem-somos\/\">\n\t\t\t\t\t\t<span class=\"elementor-button-content-wrapper\">\n\t\t\t\t\t\t\t\t\t<span class=\"elementor-button-text\">Learn more<\/span>\n\t\t\t\t\t<\/span>\n\t\t\t\t\t<\/a>\n\t\t\t\t<\/div>\n\t\t\t\t\t\t\t\t<\/div>\n\t\t\t\t<\/div>\n\t\t\t\t<\/div>\n\t\t\t\t\t<\/div>\n\t\t\t\t<\/div>\n\t\t<div class=\"elementor-element elementor-element-766c59c e-flex e-con-boxed e-con e-parent\" data-id=\"766c59c\" data-element_type=\"container\" data-settings=\"{&quot;background_background&quot;:&quot;classic&quot;}\">\n\t\t\t\t\t<div class=\"e-con-inner\">\n\t\t<div class=\"elementor-element elementor-element-e95655d e-con-full e-flex e-con e-child\" data-id=\"e95655d\" data-element_type=\"container\">\n\t\t\t\t<div class=\"elementor-element elementor-element-8b935ac elementor-widget elementor-widget-heading\" data-id=\"8b935ac\" data-element_type=\"widget\" data-widget_type=\"heading.default\">\n\t\t\t\t<div class=\"elementor-widget-container\">\n\t\t\t\t\t<h2 class=\"elementor-heading-title elementor-size-default\">Our services<\/h2>\t\t\t\t<\/div>\n\t\t\t\t<\/div>\n\t\t\t\t<\/div>\n\t\t<a class=\"elementor-element elementor-element-877e8de e-con-full animated-slow e-flex elementor-invisible e-con e-child\" data-id=\"877e8de\" data-element_type=\"container\" data-settings=\"{&quot;background_background&quot;:&quot;classic&quot;,&quot;animation&quot;:&quot;slideInUp&quot;,&quot;animation_delay&quot;:1000}\" href=\"https:\/\/primellonk.com.br\/en\/outsourcing\/\">\n\t\t\t\t<div class=\"elementor-element elementor-element-54be147 elementor-widget elementor-widget-image\" data-id=\"54be147\" data-element_type=\"widget\" data-widget_type=\"image.default\">\n\t\t\t\t<div class=\"elementor-widget-container\">\n\t\t\t\t\t\t\t\t\t\t\t\t\t\t\t<img fetchpriority=\"high\" decoding=\"async\" width=\"800\" height=\"527\" src=\"https:\/\/primellonk.com.br\/wp-content\/uploads\/2024\/11\/1411.jpg\" class=\"attachment-large size-large wp-image-78\" alt=\"Prime &amp; Llonk - Solu\u00e7\u00f5es em Contabilidade\" srcset=\"https:\/\/primellonk.com.br\/wp-content\/uploads\/2024\/11\/1411.jpg 1000w, https:\/\/primellonk.com.br\/wp-content\/uploads\/2024\/11\/1411-300x198.jpg 300w, https:\/\/primellonk.com.br\/wp-content\/uploads\/2024\/11\/1411-768x506.jpg 768w\" sizes=\"(max-width: 800px) 100vw, 800px\" \/>\t\t\t\t\t\t\t\t\t\t\t\t\t\t\t<\/div>\n\t\t\t\t<\/div>\n\t\t\t\t<div class=\"elementor-element elementor-element-51227f5 elementor-widget elementor-widget-heading\" data-id=\"51227f5\" data-element_type=\"widget\" data-widget_type=\"heading.default\">\n\t\t\t\t<div class=\"elementor-widget-container\">\n\t\t\t\t\t<h2 class=\"elementor-heading-title elementor-size-default\">Outsourcing<\/h2>\t\t\t\t<\/div>\n\t\t\t\t<\/div>\n\t\t\t\t<div class=\"elementor-element elementor-element-945a0d7 elementor-widget elementor-widget-text-editor\" data-id=\"945a0d7\" data-element_type=\"widget\" data-widget_type=\"text-editor.default\">\n\t\t\t\t<div class=\"elementor-widget-container\">\n\t\t\t\t\t\t\t\t\t<p>Accounting, Tax, Labour and Financial Outsourcing<\/p>\t\t\t\t\t\t\t\t<\/div>\n\t\t\t\t<\/div>\n\t\t\t\t<\/a>\n\t\t<a class=\"elementor-element elementor-element-a437262 e-con-full animated-slow e-flex elementor-invisible e-con e-child\" data-id=\"a437262\" data-element_type=\"container\" data-settings=\"{&quot;background_background&quot;:&quot;classic&quot;,&quot;animation&quot;:&quot;slideInUp&quot;,&quot;animation_delay&quot;:1500}\" href=\"https:\/\/primellonk.com.br\/en\/paralegal\/\">\n\t\t\t\t<div class=\"elementor-element elementor-element-31ac28e elementor-widget elementor-widget-image\" data-id=\"31ac28e\" data-element_type=\"widget\" data-widget_type=\"image.default\">\n\t\t\t\t<div class=\"elementor-widget-container\">\n\t\t\t\t\t\t\t\t\t\t\t\t\t\t\t<img decoding=\"async\" width=\"800\" height=\"534\" src=\"https:\/\/primellonk.com.br\/wp-content\/uploads\/2024\/11\/375.jpg\" class=\"attachment-large size-large wp-image-89\" alt=\"Prime &amp; Llonk - Solu\u00e7\u00f5es em Contabilidade\" srcset=\"https:\/\/primellonk.com.br\/wp-content\/uploads\/2024\/11\/375.jpg 1000w, https:\/\/primellonk.com.br\/wp-content\/uploads\/2024\/11\/375-300x200.jpg 300w, https:\/\/primellonk.com.br\/wp-content\/uploads\/2024\/11\/375-768x512.jpg 768w\" sizes=\"(max-width: 800px) 100vw, 800px\" \/>\t\t\t\t\t\t\t\t\t\t\t\t\t\t\t<\/div>\n\t\t\t\t<\/div>\n\t\t\t\t<div class=\"elementor-element elementor-element-de96ec9 elementor-widget elementor-widget-heading\" data-id=\"de96ec9\" data-element_type=\"widget\" data-widget_type=\"heading.default\">\n\t\t\t\t<div class=\"elementor-widget-container\">\n\t\t\t\t\t<h2 class=\"elementor-heading-title elementor-size-default\">Paralegal<\/h2>\t\t\t\t<\/div>\n\t\t\t\t<\/div>\n\t\t\t\t<div class=\"elementor-element elementor-element-e507b01 elementor-widget elementor-widget-text-editor\" data-id=\"e507b01\" data-element_type=\"widget\" data-widget_type=\"text-editor.default\">\n\t\t\t\t<div class=\"elementor-widget-container\">\n\t\t\t\t\t\t\t\t\t<p>Contracts, registrations, mergers, reports and certificates.<\/p>\t\t\t\t\t\t\t\t<\/div>\n\t\t\t\t<\/div>\n\t\t\t\t<\/a>\n\t\t<a class=\"elementor-element elementor-element-e57ba2b e-con-full animated-slow e-flex elementor-invisible e-con e-child\" data-id=\"e57ba2b\" data-element_type=\"container\" data-settings=\"{&quot;background_background&quot;:&quot;classic&quot;,&quot;animation&quot;:&quot;slideInUp&quot;,&quot;animation_delay&quot;:2000}\" href=\"https:\/\/primellonk.com.br\/en\/consultoria-financeira\/\">\n\t\t\t\t<div class=\"elementor-element elementor-element-a9f1362 elementor-widget elementor-widget-image\" data-id=\"a9f1362\" data-element_type=\"widget\" data-widget_type=\"image.default\">\n\t\t\t\t<div class=\"elementor-widget-container\">\n\t\t\t\t\t\t\t\t\t\t\t\t\t\t\t<img decoding=\"async\" width=\"800\" height=\"534\" src=\"https:\/\/primellonk.com.br\/wp-content\/uploads\/2024\/11\/128.jpg\" class=\"attachment-large size-large wp-image-90\" alt=\"Prime &amp; Llonk - Solu\u00e7\u00f5es em Contabilidade\" srcset=\"https:\/\/primellonk.com.br\/wp-content\/uploads\/2024\/11\/128.jpg 1000w, https:\/\/primellonk.com.br\/wp-content\/uploads\/2024\/11\/128-300x200.jpg 300w, https:\/\/primellonk.com.br\/wp-content\/uploads\/2024\/11\/128-768x512.jpg 768w\" sizes=\"(max-width: 800px) 100vw, 800px\" \/>\t\t\t\t\t\t\t\t\t\t\t\t\t\t\t<\/div>\n\t\t\t\t<\/div>\n\t\t\t\t<div class=\"elementor-element elementor-element-981c2fa elementor-widget elementor-widget-heading\" data-id=\"981c2fa\" data-element_type=\"widget\" data-widget_type=\"heading.default\">\n\t\t\t\t<div class=\"elementor-widget-container\">\n\t\t\t\t\t<h2 class=\"elementor-heading-title elementor-size-default\">Financial Consulting<\/h2>\t\t\t\t<\/div>\n\t\t\t\t<\/div>\n\t\t\t\t<div class=\"elementor-element elementor-element-b604870 elementor-widget elementor-widget-text-editor\" data-id=\"b604870\" data-element_type=\"widget\" data-widget_type=\"text-editor.default\">\n\t\t\t\t<div class=\"elementor-widget-container\">\n\t\t\t\t\t\t\t\t\t<p>Strategic planning, business plan, training.<\/p>\t\t\t\t\t\t\t\t<\/div>\n\t\t\t\t<\/div>\n\t\t\t\t<\/a>\n\t\t<a class=\"elementor-element elementor-element-399c3ee e-con-full animated-slow e-flex elementor-invisible e-con e-child\" data-id=\"399c3ee\" data-element_type=\"container\" data-settings=\"{&quot;background_background&quot;:&quot;classic&quot;,&quot;animation&quot;:&quot;slideInUp&quot;,&quot;animation_delay&quot;:2500}\" href=\"https:\/\/primellonk.com.br\/en\/consultoria-operacional\/\">\n\t\t\t\t<div class=\"elementor-element elementor-element-1f4967b elementor-widget elementor-widget-image\" data-id=\"1f4967b\" data-element_type=\"widget\" data-widget_type=\"image.default\">\n\t\t\t\t<div class=\"elementor-widget-container\">\n\t\t\t\t\t\t\t\t\t\t\t\t\t\t\t<img loading=\"lazy\" decoding=\"async\" width=\"800\" height=\"534\" src=\"https:\/\/primellonk.com.br\/wp-content\/uploads\/2024\/11\/40330.jpg\" class=\"attachment-large size-large wp-image-91\" alt=\"Prime &amp; Llonk - Solu\u00e7\u00f5es em Contabilidade\" srcset=\"https:\/\/primellonk.com.br\/wp-content\/uploads\/2024\/11\/40330.jpg 1000w, https:\/\/primellonk.com.br\/wp-content\/uploads\/2024\/11\/40330-300x200.jpg 300w, https:\/\/primellonk.com.br\/wp-content\/uploads\/2024\/11\/40330-768x512.jpg 768w\" sizes=\"(max-width: 800px) 100vw, 800px\" \/>\t\t\t\t\t\t\t\t\t\t\t\t\t\t\t<\/div>\n\t\t\t\t<\/div>\n\t\t\t\t<div class=\"elementor-element elementor-element-1b1b0e7 elementor-widget elementor-widget-heading\" data-id=\"1b1b0e7\" data-element_type=\"widget\" data-widget_type=\"heading.default\">\n\t\t\t\t<div class=\"elementor-widget-container\">\n\t\t\t\t\t<h2 class=\"elementor-heading-title elementor-size-default\">Operational Consulting<\/h2>\t\t\t\t<\/div>\n\t\t\t\t<\/div>\n\t\t\t\t<div class=\"elementor-element elementor-element-12f9d82 elementor-widget elementor-widget-text-editor\" data-id=\"12f9d82\" data-element_type=\"widget\" data-widget_type=\"text-editor.default\">\n\t\t\t\t<div class=\"elementor-widget-container\">\n\t\t\t\t\t\t\t\t\t<p>Tax, corporate planning, tax review, taxation.<\/p>\t\t\t\t\t\t\t\t<\/div>\n\t\t\t\t<\/div>\n\t\t\t\t<\/a>\n\t\t\t\t\t<\/div>\n\t\t\t\t<\/div>\n\t\t<div class=\"elementor-element elementor-element-2d949b6 e-con-full e-flex e-con e-parent\" data-id=\"2d949b6\" data-element_type=\"container\" data-settings=\"{&quot;background_background&quot;:&quot;classic&quot;}\">\n\t\t<div class=\"elementor-element elementor-element-069a3cb e-con-full e-flex e-con e-child\" data-id=\"069a3cb\" data-element_type=\"container\">\n\t\t\t\t<div class=\"elementor-element elementor-element-42e944d elementor-widget elementor-widget-heading\" data-id=\"42e944d\" data-element_type=\"widget\" data-widget_type=\"heading.default\">\n\t\t\t\t<div class=\"elementor-widget-container\">\n\t\t\t\t\t<h2 class=\"elementor-heading-title elementor-size-default\">Get in touch<\/h2>\t\t\t\t<\/div>\n\t\t\t\t<\/div>\n\t\t\t\t<div class=\"elementor-element elementor-element-43bf020 elementor-widget elementor-widget-button\" data-id=\"43bf020\" data-element_type=\"widget\" data-widget_type=\"button.default\">\n\t\t\t\t<div class=\"elementor-widget-container\">\n\t\t\t\t\t\t\t\t\t<div class=\"elementor-button-wrapper\">\n\t\t\t\t\t<a class=\"elementor-button elementor-button-link elementor-size-sm\" href=\"https:\/\/primellonk.com.br\/en\/contato\/\">\n\t\t\t\t\t\t<span class=\"elementor-button-content-wrapper\">\n\t\t\t\t\t\t\t\t\t<span class=\"elementor-button-text\">Speak to us<\/span>\n\t\t\t\t\t<\/span>\n\t\t\t\t\t<\/a>\n\t\t\t\t<\/div>\n\t\t\t\t\t\t\t\t<\/div>\n\t\t\t\t<\/div>\n\t\t\t\t<div class=\"elementor-element elementor-element-84f0110 elementor-align-right elementor-tablet-align-right elementor-mobile-align-center elementor-icon-list--layout-traditional elementor-list-item-link-full_width elementor-widget elementor-widget-icon-list\" data-id=\"84f0110\" data-element_type=\"widget\" data-widget_type=\"icon-list.default\">\n\t\t\t\t<div class=\"elementor-widget-container\">\n\t\t\t\t\t\t\t<ul class=\"elementor-icon-list-items\">\n\t\t\t\t\t\t\t<li class=\"elementor-icon-list-item\">\n\t\t\t\t\t\t\t\t\t\t\t<a href=\"https:\/\/wa.me\/552135536840?text=Ol%C3%A1!%20Estou%20entrando%20em%20contato%20pelo%20site.\">\n\n\t\t\t\t\t\t\t\t\t\t\t\t<span class=\"elementor-icon-list-icon\">\n\t\t\t\t\t\t\t<svg aria-hidden=\"true\" class=\"e-font-icon-svg e-fab-whatsapp\" viewbox=\"0 0 448 512\" xmlns=\"http:\/\/www.w3.org\/2000\/svg\"><path d=\"M380.9 97.1C339 55.1 283.2 32 223.9 32c-122.4 0-222 99.6-222 222 0 39.1 10.2 77.3 29.6 111L0 480l117.7-30.9c32.4 17.7 68.9 27 106.1 27h.1c122.3 0 224.1-99.6 224.1-222 0-59.3-25.2-115-67.1-157zm-157 341.6c-33.2 0-65.7-8.9-94-25.7l-6.7-4-69.8 18.3L72 359.2l-4.4-7c-18.5-29.4-28.2-63.3-28.2-98.2 0-101.7 82.8-184.5 184.6-184.5 49.3 0 95.6 19.2 130.4 54.1 34.8 34.9 56.2 81.2 56.1 130.5 0 101.8-84.9 184.6-186.6 184.6zm101.2-138.2c-5.5-2.8-32.8-16.2-37.9-18-5.1-1.9-8.8-2.8-12.5 2.8-3.7 5.6-14.3 18-17.6 21.8-3.2 3.7-6.5 4.2-12 1.4-32.6-16.3-54-29.1-75.5-66-5.7-9.8 5.7-9.1 16.3-30.3 1.8-3.7.9-6.9-.5-9.7-1.4-2.8-12.5-30.1-17.1-41.2-4.5-10.8-9.1-9.3-12.5-9.5-3.2-.2-6.9-.2-10.6-.2-3.7 0-9.7 1.4-14.8 6.9-5.1 5.6-19.4 19-19.4 46.3 0 27.3 19.9 53.7 22.6 57.4 2.8 3.7 39.1 59.7 94.8 83.8 35.2 15.2 49 16.5 66.6 13.9 10.7-1.6 32.8-13.4 37.4-26.4 4.6-13 4.6-24.1 3.2-26.4-1.3-2.5-5-3.9-10.5-6.6z\"><\/path><\/svg>\t\t\t\t\t\t<\/span>\n\t\t\t\t\t\t\t\t\t\t<span class=\"elementor-icon-list-text\">+55 21 3553-6840<\/span>\n\t\t\t\t\t\t\t\t\t\t\t<\/a>\n\t\t\t\t\t\t\t\t\t<\/li>\n\t\t\t\t\t\t\t\t<li class=\"elementor-icon-list-item\">\n\t\t\t\t\t\t\t\t\t\t\t<span class=\"elementor-icon-list-icon\">\n\t\t\t\t\t\t\t<svg aria-hidden=\"true\" class=\"e-font-icon-svg e-far-envelope\" viewbox=\"0 0 512 512\" xmlns=\"http:\/\/www.w3.org\/2000\/svg\"><path d=\"M464 64H48C21.49 64 0 85.49 0 112v288c0 26.51 21.49 48 48 48h416c26.51 0 48-21.49 48-48V112c0-26.51-21.49-48-48-48zm0 48v40.805c-22.422 18.259-58.168 46.651-134.587 106.49-16.841 13.247-50.201 45.072-73.413 44.701-23.208.375-56.579-31.459-73.413-44.701C106.18 199.465 70.425 171.067 48 152.805V112h416zM48 400V214.398c22.914 18.251 55.409 43.862 104.938 82.646 21.857 17.205 60.134 55.186 103.062 54.955 42.717.231 80.509-37.199 103.053-54.947 49.528-38.783 82.032-64.401 104.947-82.653V400H48z\"><\/path><\/svg>\t\t\t\t\t\t<\/span>\n\t\t\t\t\t\t\t\t\t\t<span class=\"elementor-icon-list-text\">contato@primellonk.com.br<\/span>\n\t\t\t\t\t\t\t\t\t<\/li>\n\t\t\t\t\t\t<\/ul>\n\t\t\t\t\t\t<\/div>\n\t\t\t\t<\/div>\n\t\t\t\t<\/div>\n\t\t<div class=\"elementor-element elementor-element-4f3a1d1 e-con-full e-flex e-con e-child\" data-id=\"4f3a1d1\" data-element_type=\"container\" data-settings=\"{&quot;background_background&quot;:&quot;classic&quot;}\">\n\t\t\t\t<\/div>\n\t\t\t\t<\/div>\n\t\t\t\t<\/div>","protected":false},"excerpt":{"rendered":"<p>EXCEL\u00caNCIA EM OUTSOURCING EMPRESARIAL E CONSULTORIA Somos a Prime &amp; Llonk Contabilidade A hist\u00f3ria da Prime &amp; Llonk Contabilidade come\u00e7a em 2007 a partir da fus\u00e3o da Prime Consultoria com a Llonk Cont\u00e1bil, reunindo atualmente profissionais com mais de 30 anos de experi\u00eancia em empresas nacionais e multinacionais. Nascemos com expertise para atender \u00e0s exig\u00eancias [&hellip;]<\/p>","protected":false},"author":1,"featured_media":0,"parent":0,"menu_order":0,"comment_status":"closed","ping_status":"closed","template":"elementor_header_footer","meta":{"footnotes":""},"class_list":["post-28","page","type-page","status-publish","hentry"],"_links":{"self":[{"href":"https:\/\/primellonk.com.br\/en\/wp-json\/wp\/v2\/pages\/28","targetHints":{"allow":["GET"]}}],"collection":[{"href":"https:\/\/primellonk.com.br\/en\/wp-json\/wp\/v2\/pages"}],"about":[{"href":"https:\/\/primellonk.com.br\/en\/wp-json\/wp\/v2\/types\/page"}],"author":[{"embeddable":true,"href":"https:\/\/primellonk.com.br\/en\/wp-json\/wp\/v2\/users\/1"}],"replies":[{"embeddable":true,"href":"https:\/\/primellonk.com.br\/en\/wp-json\/wp\/v2\/comments?post=28"}],"version-history":[{"count":20,"href":"https:\/\/primellonk.com.br\/en\/wp-json\/wp\/v2\/pages\/28\/revisions"}],"predecessor-version":[{"id":636,"href":"https:\/\/primellonk.com.br\/en\/wp-json\/wp\/v2\/pages\/28\/revisions\/636"}],"wp:attachment":[{"href":"https:\/\/primellonk.com.br\/en\/wp-json\/wp\/v2\/media?parent=28"}],"curies":[{"name":"wp","href":"https:\/\/api.w.org\/{rel}","templated":true}]}}