{"id":31,"date":"2024-11-06T13:19:41","date_gmt":"2024-11-06T13:19:41","guid":{"rendered":"https:\/\/primellonk.com.br\/?page_id=31"},"modified":"2024-11-21T19:49:46","modified_gmt":"2024-11-21T19:49:46","slug":"quem-somos","status":"publish","type":"page","link":"https:\/\/primellonk.com.br\/en\/quem-somos\/","title":{"rendered":"WHO ARE WE?"},"content":{"rendered":"<div data-elementor-type=\"wp-page\" data-elementor-id=\"31\" class=\"elementor elementor-31\" data-elementor-post-type=\"page\">\n\t\t\t\t<div class=\"elementor-element elementor-element-acc0724 e-flex e-con-boxed e-con e-parent\" data-id=\"acc0724\" data-element_type=\"container\" data-settings=\"{&quot;background_background&quot;:&quot;classic&quot;}\">\n\t\t\t\t\t<div class=\"e-con-inner\">\n\t\t<div class=\"elementor-element elementor-element-ff65d61 e-con-full e-flex e-con e-child\" data-id=\"ff65d61\" data-element_type=\"container\" data-settings=\"{&quot;background_background&quot;:&quot;classic&quot;}\">\n\t\t\t\t<\/div>\n\t\t\t\t\t<\/div>\n\t\t\t\t<\/div>\n\t\t<div class=\"elementor-element elementor-element-7cad776 e-flex e-con-boxed e-con e-parent\" data-id=\"7cad776\" data-element_type=\"container\">\n\t\t\t\t\t<div class=\"e-con-inner\">\n\t\t<div class=\"elementor-element elementor-element-5653d0e e-con-full e-flex e-con e-child\" data-id=\"5653d0e\" data-element_type=\"container\" data-settings=\"{&quot;background_background&quot;:&quot;gradient&quot;}\">\n\t\t\t\t<div class=\"elementor-element elementor-element-f3f7904 elementor-widget elementor-widget-heading\" data-id=\"f3f7904\" data-element_type=\"widget\" data-widget_type=\"heading.default\">\n\t\t\t\t<div class=\"elementor-widget-container\">\n\t\t\t\t\t<h2 class=\"elementor-heading-title elementor-size-default\">WHO ARE WE?<\/h2>\t\t\t\t<\/div>\n\t\t\t\t<\/div>\n\t\t\t\t<\/div>\n\t\t\t\t\t<\/div>\n\t\t\t\t<\/div>\n\t\t<div class=\"elementor-element elementor-element-655553c e-flex e-con-boxed e-con e-parent\" data-id=\"655553c\" data-element_type=\"container\">\n\t\t\t\t\t<div class=\"e-con-inner\">\n\t\t<div class=\"elementor-element elementor-element-8e9d73b e-con-full e-flex e-con e-child\" data-id=\"8e9d73b\" data-element_type=\"container\">\n\t\t\t\t<div class=\"elementor-element elementor-element-a4f2488 elementor-widget elementor-widget-text-editor\" data-id=\"a4f2488\" data-element_type=\"widget\" data-widget_type=\"text-editor.default\">\n\t\t\t\t<div class=\"elementor-widget-container\">\n\t\t\t\t\t\t\t\t\t<p>Prime &amp; Llonk Accounting works with responsibility, developing resources in a competitive marketplace in constant transformation, in order to provide our clients with access to the best opportunities that each sector offers.<\/p><p>The result goes beyond the execution of services. We produce accurate reports in several currencies, we are concerned with reducing the risks of each activity and we generate solid and reliable information that supports managers in defining strategies, and generating efficiency and security.<\/p><p>Achieving the desired goal in the provision of services depends on real partnership with our clients. This way, Prime &amp; Llonk builds a trusting relationship and credibility with each company.<\/p>\t\t\t\t\t\t\t\t<\/div>\n\t\t\t\t<\/div>\n\t\t\t\t<\/div>\n\t\t<div class=\"elementor-element elementor-element-157791f e-con-full e-flex e-con e-child\" data-id=\"157791f\" data-element_type=\"container\">\n\t\t\t\t<div class=\"elementor-element elementor-element-5a495c4 elementor-widget elementor-widget-image\" data-id=\"5a495c4\" data-element_type=\"widget\" data-widget_type=\"image.default\">\n\t\t\t\t<div class=\"elementor-widget-container\">\n\t\t\t\t\t\t\t\t\t\t\t\t\t\t\t<img fetchpriority=\"high\" decoding=\"async\" width=\"800\" height=\"534\" src=\"https:\/\/primellonk.com.br\/wp-content\/uploads\/2024\/11\/28820.jpg\" class=\"attachment-large size-large wp-image-410\" alt=\"Prime &amp; Llonk - Solu\u00e7\u00f5es em Contabilidade\" srcset=\"https:\/\/primellonk.com.br\/wp-content\/uploads\/2024\/11\/28820.jpg 1000w, https:\/\/primellonk.com.br\/wp-content\/uploads\/2024\/11\/28820-300x200.jpg 300w, https:\/\/primellonk.com.br\/wp-content\/uploads\/2024\/11\/28820-768x512.jpg 768w\" sizes=\"(max-width: 800px) 100vw, 800px\" \/>\t\t\t\t\t\t\t\t\t\t\t\t\t\t\t<\/div>\n\t\t\t\t<\/div>\n\t\t\t\t<\/div>\n\t\t<div class=\"elementor-element elementor-element-6143546 e-con-full e-flex e-con e-child\" data-id=\"6143546\" data-element_type=\"container\">\n\t\t\t\t<div class=\"elementor-element elementor-element-06e1a99 elementor-widget elementor-widget-heading\" data-id=\"06e1a99\" data-element_type=\"widget\" data-widget_type=\"heading.default\">\n\t\t\t\t<div class=\"elementor-widget-container\">\n\t\t\t\t\t<h2 class=\"elementor-heading-title elementor-size-default\">Business Areas and Clients<\/h2>\t\t\t\t<\/div>\n\t\t\t\t<\/div>\n\t\t\t\t<div class=\"elementor-element elementor-element-e353468 elementor-widget elementor-widget-text-editor\" data-id=\"e353468\" data-element_type=\"widget\" data-widget_type=\"text-editor.default\">\n\t\t\t\t<div class=\"elementor-widget-container\">\n\t\t\t\t\t\t\t\t\t<p>We serve clients from a variety of segments such as petrol &amp; gas, navigation, laboratories and doctors\u2019 offices, industries, trade, services in general, insurance and social security\/national insurance\/foresight\/pension, the financial marketplace, power\/energy generation, telecommunications, mining, information technology, and others.<\/p><p>We have a portfolio of small, medium and large companies with national and foreign capital, taxed by the real and presumed profit, and \u201cSimples Nacional\u201d (simplified taxation system designed for small businesses), in addition to immune\/exempt entities and the third sector.<\/p>\t\t\t\t\t\t\t\t<\/div>\n\t\t\t\t<\/div>\n\t\t\t\t<\/div>\n\t\t<div class=\"elementor-element elementor-element-3c2478b e-con-full e-flex e-con e-child\" data-id=\"3c2478b\" data-element_type=\"container\">\n\t\t\t\t<div class=\"elementor-element elementor-element-943e433 elementor-widget elementor-widget-text-editor\" data-id=\"943e433\" data-element_type=\"widget\" data-widget_type=\"text-editor.default\">\n\t\t\t\t<div class=\"elementor-widget-container\">\n\t\t\t\t\t\t\t\t\t<p>Through a deep understanding of our client\u2019s activity, we are able to develop a partnership to offer excellence in our services. With this philosophy, our teams meet the needs and expectations of each business.<\/p>\t\t\t\t\t\t\t\t<\/div>\n\t\t\t\t<\/div>\n\t\t\t\t<\/div>\n\t\t<div class=\"elementor-element elementor-element-5409981 e-con-full e-flex e-con e-child\" data-id=\"5409981\" data-element_type=\"container\">\n\t\t\t\t<div class=\"elementor-element elementor-element-c64713a elementor-widget elementor-widget-image\" data-id=\"c64713a\" data-element_type=\"widget\" data-widget_type=\"image.default\">\n\t\t\t\t<div class=\"elementor-widget-container\">\n\t\t\t\t\t\t\t\t\t\t\t\t\t\t\t<img decoding=\"async\" width=\"800\" height=\"534\" src=\"https:\/\/primellonk.com.br\/wp-content\/uploads\/2024\/11\/19448.jpg\" class=\"attachment-large size-large wp-image-190\" alt=\"Prime &amp; Llonk - Solu\u00e7\u00f5es em Contabilidade\" srcset=\"https:\/\/primellonk.com.br\/wp-content\/uploads\/2024\/11\/19448.jpg 1000w, https:\/\/primellonk.com.br\/wp-content\/uploads\/2024\/11\/19448-300x200.jpg 300w, https:\/\/primellonk.com.br\/wp-content\/uploads\/2024\/11\/19448-768x512.jpg 768w\" sizes=\"(max-width: 800px) 100vw, 800px\" \/>\t\t\t\t\t\t\t\t\t\t\t\t\t\t\t<\/div>\n\t\t\t\t<\/div>\n\t\t\t\t<\/div>\n\t\t\t\t\t<\/div>\n\t\t\t\t<\/div>\n\t\t\t\t<\/div>","protected":false},"excerpt":{"rendered":"<p>Em um mercado em constante transforma\u00e7\u00e3o e competitivo, a Prime &amp; Llonk Contabilidade trabalha de forma respons\u00e1vel desenvolvendo recursos para que nossos clientes tenham acesso \u00e0s melhores oportunidades que cada setor oferece. O resultado vai al\u00e9m da execu\u00e7\u00e3o dos servi\u00e7os: relat\u00f3rios precisos em v\u00e1rias moedas, redu\u00e7\u00e3o dos riscos de cada atividade e informa\u00e7\u00f5es s\u00f3lidas e [&hellip;]<\/p>","protected":false},"author":1,"featured_media":0,"parent":0,"menu_order":0,"comment_status":"closed","ping_status":"closed","template":"elementor_header_footer","meta":{"footnotes":""},"class_list":["post-31","page","type-page","status-publish","hentry"],"_links":{"self":[{"href":"https:\/\/primellonk.com.br\/en\/wp-json\/wp\/v2\/pages\/31","targetHints":{"allow":["GET"]}}],"collection":[{"href":"https:\/\/primellonk.com.br\/en\/wp-json\/wp\/v2\/pages"}],"about":[{"href":"https:\/\/primellonk.com.br\/en\/wp-json\/wp\/v2\/types\/page"}],"author":[{"embeddable":true,"href":"https:\/\/primellonk.com.br\/en\/wp-json\/wp\/v2\/users\/1"}],"replies":[{"embeddable":true,"href":"https:\/\/primellonk.com.br\/en\/wp-json\/wp\/v2\/comments?post=31"}],"version-history":[{"count":34,"href":"https:\/\/primellonk.com.br\/en\/wp-json\/wp\/v2\/pages\/31\/revisions"}],"predecessor-version":[{"id":416,"href":"https:\/\/primellonk.com.br\/en\/wp-json\/wp\/v2\/pages\/31\/revisions\/416"}],"wp:attachment":[{"href":"https:\/\/primellonk.com.br\/en\/wp-json\/wp\/v2\/media?parent=31"}],"curies":[{"name":"wp","href":"https:\/\/api.w.org\/{rel}","templated":true}]}}